{"id":463,"date":"2025-01-15T07:10:37","date_gmt":"2025-01-15T06:10:37","guid":{"rendered":"http:\/\/www.aripc.it\/wp\/?page_id=463"},"modified":"2025-10-24T06:34:37","modified_gmt":"2025-10-24T04:34:37","slug":"download","status":"publish","type":"page","link":"https:\/\/www.aripc.it\/wp\/?page_id=463","title":{"rendered":"INDICAZIONI VERSAMENTO ANNUALE"},"content":{"rendered":"\n<p>Pensando di fare cosa gradita, nel link sottostante  \u00e8 possibile scaricare o vedere direttamente il TUTORIAL per il versamento contributo annuale dovuto dai Radioamatori. Si ricorda che in corrispondenza del rinnovo \u00e8 necessario versare, con le stesse modalit\u00e0, l&#8217;intero importo per i 10 anni richiesti a rinnovo e cio\u00e8 50\u20ac.<\/p>\n\n\n\n<div data-wp-interactive=\"core\/file\" class=\"wp-block-file\"><object data-wp-bind--hidden=\"!state.hasPdfPreview\" hidden class=\"wp-block-file__embed\" data=\"https:\/\/www.aripc.it\/wp\/wp-content\/uploads\/2025\/10\/Tutorial-pagamento-5-euro_versione-2.pdf\" type=\"application\/pdf\" style=\"width:100%;height:600px\" aria-label=\"Incorporamento di Tutorial-pagamento-5-euro_versione-2.\"><\/object><a id=\"wp-block-file--media-e4ca62cb-98c6-43be-be45-c9e1233bd1e7\" href=\"https:\/\/www.aripc.it\/wp\/wp-content\/uploads\/2025\/10\/Tutorial-pagamento-5-euro_versione-2.pdf\">Tutorial-pagamento-5-euro_versione-2<\/a><a href=\"https:\/\/www.aripc.it\/wp\/wp-content\/uploads\/2025\/10\/Tutorial-pagamento-5-euro_versione-2.pdf\" class=\"wp-block-file__button wp-element-button\" download aria-describedby=\"wp-block-file--media-e4ca62cb-98c6-43be-be45-c9e1233bd1e7\">Download<\/a><\/div>\n\n\n\n<p><\/p>\n","protected":false},"excerpt":{"rendered":"<p>Pensando di fare cosa gradita, nel link sottostante \u00e8 possibile scaricare o vedere direttamente il TUTORIAL per il versamento contributo annuale dovuto dai Radioamatori. Si ricorda che in corrispondenza del rinnovo \u00e8 necessario versare, con le stesse modalit\u00e0, l&#8217;intero importo per i 10 anni richiesti a rinnovo e cio\u00e8 50\u20ac.<\/p>\n","protected":false},"author":1,"featured_media":0,"parent":0,"menu_order":0,"comment_status":"closed","ping_status":"closed","template":"","meta":{"footnotes":""},"class_list":["post-463","page","type-page","status-publish","hentry"],"_links":{"self":[{"href":"https:\/\/www.aripc.it\/wp\/index.php?rest_route=\/wp\/v2\/pages\/463","targetHints":{"allow":["GET"]}}],"collection":[{"href":"https:\/\/www.aripc.it\/wp\/index.php?rest_route=\/wp\/v2\/pages"}],"about":[{"href":"https:\/\/www.aripc.it\/wp\/index.php?rest_route=\/wp\/v2\/types\/page"}],"author":[{"embeddable":true,"href":"https:\/\/www.aripc.it\/wp\/index.php?rest_route=\/wp\/v2\/users\/1"}],"replies":[{"embeddable":true,"href":"https:\/\/www.aripc.it\/wp\/index.php?rest_route=%2Fwp%2Fv2%2Fcomments&post=463"}],"version-history":[{"count":11,"href":"https:\/\/www.aripc.it\/wp\/index.php?rest_route=\/wp\/v2\/pages\/463\/revisions"}],"predecessor-version":[{"id":1830,"href":"https:\/\/www.aripc.it\/wp\/index.php?rest_route=\/wp\/v2\/pages\/463\/revisions\/1830"}],"wp:attachment":[{"href":"https:\/\/www.aripc.it\/wp\/index.php?rest_route=%2Fwp%2Fv2%2Fmedia&parent=463"}],"curies":[{"name":"wp","href":"https:\/\/api.w.org\/{rel}","templated":true}]}}