{"id":1355,"date":"2021-02-11T18:35:56","date_gmt":"2021-02-11T17:35:56","guid":{"rendered":"http:\/\/www.aripc.it\/wp\/?page_id=1355"},"modified":"2022-04-29T22:12:53","modified_gmt":"2022-04-29T20:12:53","slug":"codice-deontologico","status":"publish","type":"page","link":"https:\/\/www.aripc.it\/wp\/?page_id=1355","title":{"rendered":"Codice deontologico"},"content":{"rendered":"\n<p>Vogliamo ricordare ai nuovi OM un codice stabilito fra Radioamatori dai Radioamatori e riconosciuto internazionalmente. Non \u00e8 anacronismo, \u00e8 un impegno di ogni serio Radioamatore.<\/p>\n\n\n\n<ol class=\"wp-block-list\"><li><em>Il Radioamatore si comporta da gentiluomo<\/em><br>Non usa mai la radio solo per il proprio piacere e, comunque, mai in modo da diminuire il piacere altrui.<\/li><li><em>Il Radioamatore \u00e8 leale<\/em><br>Offre la sua lealt\u00e0, incoraggiamento e sostegno al Servizio di Amatore, ai colleghi ed alla propria Associazione, attraverso la quale il radiantismo del suo Paese \u00e8 rappresentato.<\/li><li><em>Il Radioamatore \u00e8 progressista<\/em><br>Mantiene la propria stazione tecnicamente aggiornata ed efficiente e la usa in modo impeccabile.<\/li><li><em>Il Radioamatore \u00e8 cortese<\/em><br>Trasmette lentamente e ripete con pazienza ci\u00f2 che non \u00e8 stato compreso, d\u00e0 suggerimenti e consigli ai principianti, non che cortese assistenza e cooperazione a chiunque ne abbia bisogno: del resto ci\u00f2 \u00e8 il vero significato dell\u2019 HAM SPIRIT.<\/li><li><em>Il Radioamatore \u00e8 equilibrato<\/em><br>La radio \u00e8 la sua passione; fa per\u00f2 in modo che essa non sia a discapito di alcuno dei doveri che egli ha verso la propria famiglia, il lavoro e la collettivit\u00e0.<\/li><li><em>Il Radioamatore \u00e8 altruista<\/em><br>La sua abilit\u00e0, le sue conoscenze e la sua stazione sono sempre a disposizione del Paese e della comunit\u00e0.<\/li><\/ol>\n","protected":false},"excerpt":{"rendered":"<p>Vogliamo ricordare ai nuovi OM un codice stabilito fra Radioamatori dai Radioamatori e riconosciuto internazionalmente. Non \u00e8 anacronismo, \u00e8 un impegno di ogni serio Radioamatore. Il Radioamatore si comporta da gentiluomoNon usa mai la radio solo per il proprio piacere e, comunque, mai in modo da diminuire il piacere altrui. Il Radioamatore \u00e8 lealeOffre la&hellip;<\/p>\n","protected":false},"author":1,"featured_media":0,"parent":0,"menu_order":0,"comment_status":"closed","ping_status":"closed","template":"","meta":{"footnotes":""},"class_list":["post-1355","page","type-page","status-publish","hentry"],"_links":{"self":[{"href":"https:\/\/www.aripc.it\/wp\/index.php?rest_route=\/wp\/v2\/pages\/1355","targetHints":{"allow":["GET"]}}],"collection":[{"href":"https:\/\/www.aripc.it\/wp\/index.php?rest_route=\/wp\/v2\/pages"}],"about":[{"href":"https:\/\/www.aripc.it\/wp\/index.php?rest_route=\/wp\/v2\/types\/page"}],"author":[{"embeddable":true,"href":"https:\/\/www.aripc.it\/wp\/index.php?rest_route=\/wp\/v2\/users\/1"}],"replies":[{"embeddable":true,"href":"https:\/\/www.aripc.it\/wp\/index.php?rest_route=%2Fwp%2Fv2%2Fcomments&post=1355"}],"version-history":[{"count":7,"href":"https:\/\/www.aripc.it\/wp\/index.php?rest_route=\/wp\/v2\/pages\/1355\/revisions"}],"predecessor-version":[{"id":1529,"href":"https:\/\/www.aripc.it\/wp\/index.php?rest_route=\/wp\/v2\/pages\/1355\/revisions\/1529"}],"wp:attachment":[{"href":"https:\/\/www.aripc.it\/wp\/index.php?rest_route=%2Fwp%2Fv2%2Fmedia&parent=1355"}],"curies":[{"name":"wp","href":"https:\/\/api.w.org\/{rel}","templated":true}]}}